{"id":379,"date":"2022-10-20T21:11:49","date_gmt":"2022-10-20T19:11:49","guid":{"rendered":"https:\/\/agenda2029.is\/new-post-full\/"},"modified":"2022-10-26T00:04:34","modified_gmt":"2022-10-25T22:04:34","slug":"nuevo-articulo-completo","status":"publish","type":"page","link":"https:\/\/agenda2029.is\/es\/nuevo-articulo-completo\/","title":{"rendered":"Nuevo art\u00edculo &#8211; COMPLETO"},"content":{"rendered":"\n            <form class=\"wpuf-form-add wpuf-form-layout1 wpuf-theme-style\" action=\"\" method=\"post\">\n\n                \n                <script type=\"text\/javascript\">\n                    if ( typeof wpuf_conditional_items === 'undefined' ) {\n                        wpuf_conditional_items = [];\n                    }\n\n                    if ( typeof wpuf_plupload_items === 'undefined' ) {\n                        wpuf_plupload_items = [];\n                    }\n\n                    if ( typeof wpuf_map_items === 'undefined' ) {\n                        wpuf_map_items = [];\n                    }\n                <\/script>\n\n                <ul class=\"wpuf-form form-label-above\">\n\n                            <li class=\"wpuf-el custom_html\" data-label=\"Custom HTML\">\n\n            <div class=\"wpuf-fields html_362 wpuf_custom_html_362\">\n                <p align=\"right\"><a href=\"https:\/\/agenda2029.is\/es\/nuevo-articulo-simple-ejemplo-y-explicacion\/\">explicaci\u00f3n 1<\/a> y <a href=\"https:\/\/agenda2029.is\/es\/nuevo-articulo-completo-ejemplo-y-explicacion\/\">explicaci\u00f3n 2<\/a> | Form 362<\/p>\n            <\/div>\n\n        <\/li>\n\n                <li class=\"wpuf-el post_title\" data-label=\"T\u00edtulo de tu articulo\">\n                    <div class=\"wpuf-label\">\n            <label for=\"post_title_362\">\n                T\u00edtulo de tu articulo <span class=\"required\">*<\/span>            <\/label>\n        <\/div>\n        \n            <div class=\"wpuf-fields\">\n                <input\n                    class=\"textfield wpuf_post_title_362\"\n                    id=\"post_title_362\"\n                    type=\"text\"\n                    data-duplicate=\"\"\n                    data-required=\"yes\"\n                    data-type=\"text\" name=\"post_title\"\n                    placeholder=\"\"\n                    value=\"\"\n                    size=\"40\"\n                \/>\n\n                <span class=\"wpuf-wordlimit-message wpuf-help\"><\/span>\n                        <span class=\"wpuf-help\">Piensa en un t\u00edtulo cautivador!<\/span>\n                    <\/div>\n                    <\/li>\n        \n            <li class=\"wpuf-el featured_image\" data-label=\"Imagen destacado\">\n\n                    <div class=\"wpuf-label\">\n            <label for=\"featured_image_362\">\n                Imagen destacado            <\/label>\n        <\/div>\n        \n        <div class=\"wpuf-fields\">\n            <div id=\"wpuf-featured_image-362-upload-container\">\n                <div class=\"wpuf-attachment-upload-filelist\" data-type=\"file\" data-required=\"no\">\n                    <a id=\"wpuf-featured_image-362-pickfiles\" data-form_id=\"362\" class=\"button file-selector  wpuf_featured_image_362\" href=\"#\">Buscar una imagen bonita<\/a>\n\n                    <ul class=\"wpuf-attachment-list thumbnails\">\n\n                        \n                    <\/ul>\n                <\/div>\n            <\/div><!-- .container -->\n\n                    <span class=\"wpuf-help\">Opcional, pero recomendable. Una imagen ilustra tu art\u00edculo y atrae la atenci\u00f3n. <\/span>\n        \n        <\/div> <!-- .wpuf-fields -->\n\n        <script type=\"text\/javascript\">\n            ;(function($) {\n                $(document).ready( function(){\n                    var uploader = new WPUF_Uploader('wpuf-featured_image-362-pickfiles', 'wpuf-featured_image-362-upload-container', 1, 'featured_image', 'jpg,jpeg,gif,png,bmp,webp', 1024);\n                    wpuf_plupload_items.push(uploader);\n                });\n            })(jQuery);\n        <\/script>\n\n                <\/li>\n                    <li class=\"wpuf-el post_content\" data-label=\"Tu art\u00edculo\">\n                    <div class=\"wpuf-label\">\n            <label for=\"post_content_362\">\n                Tu art\u00edculo <span class=\"required\">*<\/span>            <\/label>\n        <\/div>\n        \n                            <div class=\"wpuf-fields wpuf-rich-validation wpuf_post_content_362\" data-type=\"rich\" data-required=\"yes\" data-id=\"post_content_362\" data-name=\"post_content\">\n            \n                                <div id=\"wpuf-insert-image-container\">\n                    <a class=\"wpuf-button wpuf-insert-image\" id=\"wpuf-insert-image_362\" href=\"#\" data-form_id=\"362\">\n                        <span class=\"wpuf-media-icon\"><\/span>\n                            Insertar imagen                    <\/a>\n                <\/div>\n\n                <script type=\"text\/javascript\">\n                    ;(function($) {\n                        $(document).ready( function(){\n                            WP_User_Frontend.insertImage('wpuf-insert-image_362', '362');\n                        });\n                    })(jQuery);\n                <\/script>\n                    <div id=\"wp-post_content_362-wrap\" class=\"wp-core-ui wp-editor-wrap tmce-active\"><link rel='stylesheet' id='dashicons-css' href='https:\/\/agenda2029.is\/wp-includes\/css\/dashicons.min.css?ver=6.9.4' media='all' \/>\n<link rel='stylesheet' id='editor-buttons-css' href='https:\/\/agenda2029.is\/wp-includes\/css\/editor.min.css?ver=6.9.4' media='all' \/>\n<div id=\"wp-post_content_362-editor-container\" class=\"wp-editor-container\"><textarea class=\"required wp-editor-area\" rows=\"20\" autocomplete=\"off\" cols=\"40\" name=\"post_content\" id=\"post_content_362\">Te deseamos mucha inspiraci\u00f3n \u2665    Ante la duda recuerda que menos es m\u00e1s! ;)<\/textarea><\/div>\n<\/div>\n\n\n                <span class=\"wpuf-help\">Disfruta la escritura!<\/span>\n                <\/div>\n        <\/li>\n                <li class=\"wpuf-el post_excerpt\" data-label=\"Resumen\">\n                    <div class=\"wpuf-label\">\n            <label for=\"post_excerpt_362\">\n                Resumen            <\/label>\n        <\/div>\n        \n                            <div class=\"wpuf-fields\">\n            \n                                    <textarea\n                        class=\"textareafield  wpuf_post_excerpt_362\"\n                        id=\"post_excerpt_362\"\n                        name=\"post_excerpt\"\n                        data-required=\"no\"\n                        data-type=\"textarea\"\n                        placeholder=\"\"\n                        rows=\"5\"\n                        cols=\"25\"\n                    ><\/textarea>\n                    <span class=\"wpuf-wordlimit-message wpuf-help\"><\/span>\n\n                    \n                        <span class=\"wpuf-help\">Opcional, pero bueno para los lectores (breve descripci\u00f3n en los listados de art\u00edculos) y tambi\u00e9n para los motores de b\u00fasqueda.<\/span>\n                <\/li>\n        \n\n        <li class=\"wpuf-el tags\" data-label=\"Tags\">\n                    <div class=\"wpuf-label\">\n            <label for=\"tags_362\">\n                Tags            <\/label>\n        <\/div>\n        \n            <div class=\"wpuf-fields\">\n                <input\n                    class=\"textfield wpuf_tags_362\"\n                    id=\"tags_362\"\n                    type=\"text\"\n                    data-required=\"no\"\n                    data-type=\"text\" name=\"tags\"\n                    placeholder=\"\"\n                    value=\"\"\n                    size=\"40\"\n                \/>\n\n                <span class=\"wpuf-wordlimit-message wpuf-help\"><\/span>\n                        <span class=\"wpuf-help\">M\u00e1s opciones para clasificar tus entradas, por ejemplo, pa\u00eds, ciudad o personajes. Separa las etiquetas con comas.<\/span>\n                    <\/div>\n\n              <script type=\"text\/javascript\">\n                ;(function($) {\n                    $(document).ready( function(){\n                        $('li.tags input[name=tags]').suggest( wpuf_frontend.ajaxurl + '?action=wpuf_ajax_tag_search&amp;tax=post_tag&amp;nonce=c81f8b4e94', { delay: 500, minchars: 2, multiple: true, multipleSep: ', ' } );\n                    });\n                })(jQuery);\n            <\/script>\n\n\n\n        <\/li>\n        \n            <li class=\"wpuf-el code_for_edit_button  wpuf_hidden_field field-size-large\" data-label=\"Code for edit button\">\n\n                    <div class=\"wpuf-label\">\n            <label for=\"code_for_edit_button_362\">\n                Code for edit button            <\/label>\n        <\/div>\n        \n                            <div class=\"wpuf-fields\">\n            \n                                    <textarea\n                        :class=\"builder_class_names('textareafield')\"\n                        class=\"textareafield  wpuf_code_for_edit_button_362\"\n                        id=\"code_for_edit_button_362\"\n                        name=\"code_for_edit_button\"\n                        data-required=\"no\"\n                        data-type=\"textarea\"\n                        data-id=\"code_for_edit_button_362\"\n                        placeholder=\"\"\n                        rows=\"5\"\n                        cols=\"25\"\n                    >&lt;p&gt;&lt;a href=&quot;\/es\/edit\/?pid=[return_post_id]&quot;&gt;EDIT&lt;\/a&gt;  o &lt;a href=&quot;\/es\/dashboard\/&quot;&gt;vuelve a tu panel de control&lt;\/a&gt;&lt;\/p&gt;<\/textarea>\n\n                                        <span class=\"wpuf-wordlimit-message\"><\/span>\n                         <script type=\"text\/javascript\">\n            ;(function($) {\n                $(document).ready( function(){\n                    WP_User_Frontend.editorLimit.bind(80, \"code_for_edit_button_362\", \"no\", \"character\", \"max\");\n                });\n            })(jQuery);\n        <\/script>\n        \n                 <\/li>\n            \n        <li class=\"wpuf-submit\">\n            <div class=\"wpuf-label\">\n                &nbsp;\n            <\/div>\n\n            <input type=\"hidden\" id=\"_wpnonce\" name=\"_wpnonce\" value=\"ff72c8d70d\" \/><input type=\"hidden\" name=\"_wp_http_referer\" value=\"\/es\/wp-json\/wp\/v2\/pages\/379\" \/>            <input type=\"hidden\" name=\"form_id\" value=\"362\">\n            <input type=\"hidden\" name=\"page_id\" value=\"379\">\n            <input type=\"hidden\" id=\"del_attach\" name=\"delete_attachments[]\">\n            <input type=\"hidden\" name=\"action\" value=\"wpuf_submit_post\">\n\n            \n                            <input type=\"submit\" class=\"wpuf-submit-button wpuf_submit_362\" name=\"submit\" value=\"Crear art\u00edculo!\" \/>\n            \n                            <a href=\"#\" class=\"btn\" style=\"margin-left: 0.5rem;\" id=\"wpuf-post-draft\">Guardar borrador<\/a>\n                    <\/li>\n\n        \n                <\/ul>\n\n            <\/form>\n\n            \n","protected":false},"excerpt":{"rendered":"","protected":false},"author":1,"featured_media":0,"parent":0,"menu_order":0,"comment_status":"closed","ping_status":"closed","template":"","meta":{"yasr_overall_rating":0,"yasr_post_is_review":"","yasr_auto_insert_disabled":"","yasr_review_type":"","footnotes":""},"class_list":["post-379","page","type-page","status-publish","hentry","entry"],"yoast_head":"<!-- This site is optimized with the Yoast SEO plugin v27.2 - https:\/\/yoast.com\/product\/yoast-seo-wordpress\/ -->\n<title>Nuevo art\u00edculo - COMPLETO | Agenda2029 \u00b7 is<\/title>\n<meta name=\"robots\" content=\"index, follow, max-snippet:-1, max-image-preview:large, max-video-preview:-1\" \/>\n<link rel=\"canonical\" href=\"https:\/\/agenda2029.is\/es\/nuevo-articulo-completo\/\" \/>\n<meta property=\"og:locale\" content=\"es_ES\" \/>\n<meta property=\"og:type\" content=\"article\" \/>\n<meta property=\"og:title\" content=\"Nuevo art\u00edculo - COMPLETO | Agenda2029 \u00b7 is\" \/>\n<meta property=\"og:url\" content=\"https:\/\/agenda2029.is\/es\/nuevo-articulo-completo\/\" \/>\n<meta property=\"og:site_name\" content=\"Agenda2029 \u00b7 is\" \/>\n<meta property=\"article:modified_time\" content=\"2022-10-25T22:04:34+00:00\" \/>\n<meta property=\"og:image\" content=\"https:\/\/i0.wp.com\/agenda2029.is\/wp-content\/uploads\/2022\/10\/agenda-2029-stamp.jpg?fit=801%2C801&ssl=1\" \/>\n\t<meta property=\"og:image:width\" content=\"801\" \/>\n\t<meta property=\"og:image:height\" content=\"801\" \/>\n\t<meta property=\"og:image:type\" content=\"image\/jpeg\" \/>\n<meta name=\"twitter:card\" content=\"summary_large_image\" \/>\n<script type=\"application\/ld+json\" class=\"yoast-schema-graph\">{\"@context\":\"https:\/\/schema.org\",\"@graph\":[{\"@type\":\"WebPage\",\"@id\":\"https:\/\/agenda2029.is\/es\/nuevo-articulo-completo\/\",\"url\":\"https:\/\/agenda2029.is\/es\/nuevo-articulo-completo\/\",\"name\":\"Nuevo art\u00edculo - COMPLETO | Agenda2029 \u00b7 is\",\"isPartOf\":{\"@id\":\"https:\/\/agenda2029.is\/#website\"},\"datePublished\":\"2022-10-20T19:11:49+00:00\",\"dateModified\":\"2022-10-25T22:04:34+00:00\",\"breadcrumb\":{\"@id\":\"https:\/\/agenda2029.is\/es\/nuevo-articulo-completo\/#breadcrumb\"},\"inLanguage\":\"es\",\"potentialAction\":[{\"@type\":\"ReadAction\",\"target\":[\"https:\/\/agenda2029.is\/es\/nuevo-articulo-completo\/\"]}]},{\"@type\":\"BreadcrumbList\",\"@id\":\"https:\/\/agenda2029.is\/es\/nuevo-articulo-completo\/#breadcrumb\",\"itemListElement\":[{\"@type\":\"ListItem\",\"position\":1,\"name\":\"Home\",\"item\":\"https:\/\/agenda2029.is\/\"},{\"@type\":\"ListItem\",\"position\":2,\"name\":\"Nuevo art\u00edculo &#8211; COMPLETO\"}]},{\"@type\":\"WebSite\",\"@id\":\"https:\/\/agenda2029.is\/#website\",\"url\":\"https:\/\/agenda2029.is\/\",\"name\":\"Agenda2029 \u00b7 is\",\"description\":\"Agenda2029 \u00b7 is our Great FREEset\",\"publisher\":{\"@id\":\"https:\/\/agenda2029.is\/#\/schema\/person\/158d2018e1033e5f0110051bc4ec21c0\"},\"potentialAction\":[{\"@type\":\"SearchAction\",\"target\":{\"@type\":\"EntryPoint\",\"urlTemplate\":\"https:\/\/agenda2029.is\/?s={search_term_string}\"},\"query-input\":{\"@type\":\"PropertyValueSpecification\",\"valueRequired\":true,\"valueName\":\"search_term_string\"}}],\"inLanguage\":\"es\"},{\"@type\":[\"Person\",\"Organization\"],\"@id\":\"https:\/\/agenda2029.is\/#\/schema\/person\/158d2018e1033e5f0110051bc4ec21c0\",\"name\":\"Starter\",\"image\":{\"@type\":\"ImageObject\",\"inLanguage\":\"es\",\"@id\":\"https:\/\/agenda2029.is\/wp-content\/uploads\/2022\/10\/2029-text01.jpg\",\"url\":\"https:\/\/agenda2029.is\/wp-content\/uploads\/2022\/10\/2029-text01.jpg\",\"contentUrl\":\"https:\/\/agenda2029.is\/wp-content\/uploads\/2022\/10\/2029-text01.jpg\",\"width\":457,\"height\":242,\"caption\":\"Starter\"},\"logo\":{\"@id\":\"https:\/\/agenda2029.is\/wp-content\/uploads\/2022\/10\/2029-text01.jpg\"},\"sameAs\":[\"https:\/\/agenda2029.is\"]},false]}<\/script>\n<!-- \/ Yoast SEO plugin. -->","yoast_head_json":{"title":"Nuevo art\u00edculo - COMPLETO | Agenda2029 \u00b7 is","robots":{"index":"index","follow":"follow","max-snippet":"max-snippet:-1","max-image-preview":"max-image-preview:large","max-video-preview":"max-video-preview:-1"},"canonical":"https:\/\/agenda2029.is\/es\/nuevo-articulo-completo\/","og_locale":"es_ES","og_type":"article","og_title":"Nuevo art\u00edculo - COMPLETO | Agenda2029 \u00b7 is","og_url":"https:\/\/agenda2029.is\/es\/nuevo-articulo-completo\/","og_site_name":"Agenda2029 \u00b7 is","article_modified_time":"2022-10-25T22:04:34+00:00","og_image":[{"width":801,"height":801,"url":"https:\/\/i0.wp.com\/agenda2029.is\/wp-content\/uploads\/2022\/10\/agenda-2029-stamp.jpg?fit=801%2C801&ssl=1","type":"image\/jpeg"}],"twitter_card":"summary_large_image","schema":{"@context":"https:\/\/schema.org","@graph":[{"@type":"WebPage","@id":"https:\/\/agenda2029.is\/es\/nuevo-articulo-completo\/","url":"https:\/\/agenda2029.is\/es\/nuevo-articulo-completo\/","name":"Nuevo art\u00edculo - COMPLETO | Agenda2029 \u00b7 is","isPartOf":{"@id":"https:\/\/agenda2029.is\/#website"},"datePublished":"2022-10-20T19:11:49+00:00","dateModified":"2022-10-25T22:04:34+00:00","breadcrumb":{"@id":"https:\/\/agenda2029.is\/es\/nuevo-articulo-completo\/#breadcrumb"},"inLanguage":"es","potentialAction":[{"@type":"ReadAction","target":["https:\/\/agenda2029.is\/es\/nuevo-articulo-completo\/"]}]},{"@type":"BreadcrumbList","@id":"https:\/\/agenda2029.is\/es\/nuevo-articulo-completo\/#breadcrumb","itemListElement":[{"@type":"ListItem","position":1,"name":"Home","item":"https:\/\/agenda2029.is\/"},{"@type":"ListItem","position":2,"name":"Nuevo art\u00edculo &#8211; COMPLETO"}]},{"@type":"WebSite","@id":"https:\/\/agenda2029.is\/#website","url":"https:\/\/agenda2029.is\/","name":"Agenda2029 \u00b7 is","description":"Agenda2029 \u00b7 is our Great FREEset","publisher":{"@id":"https:\/\/agenda2029.is\/#\/schema\/person\/158d2018e1033e5f0110051bc4ec21c0"},"potentialAction":[{"@type":"SearchAction","target":{"@type":"EntryPoint","urlTemplate":"https:\/\/agenda2029.is\/?s={search_term_string}"},"query-input":{"@type":"PropertyValueSpecification","valueRequired":true,"valueName":"search_term_string"}}],"inLanguage":"es"},{"@type":["Person","Organization"],"@id":"https:\/\/agenda2029.is\/#\/schema\/person\/158d2018e1033e5f0110051bc4ec21c0","name":"Starter","image":{"@type":"ImageObject","inLanguage":"es","@id":"https:\/\/agenda2029.is\/wp-content\/uploads\/2022\/10\/2029-text01.jpg","url":"https:\/\/agenda2029.is\/wp-content\/uploads\/2022\/10\/2029-text01.jpg","contentUrl":"https:\/\/agenda2029.is\/wp-content\/uploads\/2022\/10\/2029-text01.jpg","width":457,"height":242,"caption":"Starter"},"logo":{"@id":"https:\/\/agenda2029.is\/wp-content\/uploads\/2022\/10\/2029-text01.jpg"},"sameAs":["https:\/\/agenda2029.is"]},false]}},"yasr_visitor_votes":{"stars_attributes":{"read_only":false,"span_bottom":false},"number_of_votes":0,"sum_votes":0},"_links":{"self":[{"href":"https:\/\/agenda2029.is\/es\/wp-json\/wp\/v2\/pages\/379","targetHints":{"allow":["GET"]}}],"collection":[{"href":"https:\/\/agenda2029.is\/es\/wp-json\/wp\/v2\/pages"}],"about":[{"href":"https:\/\/agenda2029.is\/es\/wp-json\/wp\/v2\/types\/page"}],"author":[{"embeddable":true,"href":"https:\/\/agenda2029.is\/es\/wp-json\/wp\/v2\/users\/1"}],"replies":[{"embeddable":true,"href":"https:\/\/agenda2029.is\/es\/wp-json\/wp\/v2\/comments?post=379"}],"version-history":[{"count":1,"href":"https:\/\/agenda2029.is\/es\/wp-json\/wp\/v2\/pages\/379\/revisions"}],"predecessor-version":[{"id":380,"href":"https:\/\/agenda2029.is\/es\/wp-json\/wp\/v2\/pages\/379\/revisions\/380"}],"wp:attachment":[{"href":"https:\/\/agenda2029.is\/es\/wp-json\/wp\/v2\/media?parent=379"}],"curies":[{"name":"wp","href":"https:\/\/api.w.org\/{rel}","templated":true}]}}