{"id":392,"date":"2022-10-21T00:06:23","date_gmt":"2022-10-20T22:06:23","guid":{"rendered":"https:\/\/agenda2029.is\/dashboard\/"},"modified":"2023-07-13T23:54:39","modified_gmt":"2023-07-13T21:54:39","slug":"dashboard","status":"publish","type":"page","link":"https:\/\/agenda2029.is\/es\/dashboard\/","title":{"rendered":"Tu salpicadero"},"content":{"rendered":"<p><a href=\"https:\/\/i0.wp.com\/agenda2029.is\/wp-content\/uploads\/2023\/04\/classic-writing-02-001.jpg?ssl=1\"><img data-recalc-dims=\"1\" loading=\"lazy\" decoding=\"async\" class=\"alignnone wp-image-5145 size-large\" src=\"https:\/\/i0.wp.com\/agenda2029.is\/wp-content\/uploads\/2023\/04\/classic-writing-02-001.jpg?resize=1024%2C421&#038;ssl=1\" alt=\"\" width=\"1024\" height=\"421\" srcset=\"https:\/\/i0.wp.com\/agenda2029.is\/wp-content\/uploads\/2023\/04\/classic-writing-02-001.jpg?resize=1024%2C421&amp;ssl=1 1024w, https:\/\/i0.wp.com\/agenda2029.is\/wp-content\/uploads\/2023\/04\/classic-writing-02-001.jpg?resize=300%2C123&amp;ssl=1 300w, https:\/\/i0.wp.com\/agenda2029.is\/wp-content\/uploads\/2023\/04\/classic-writing-02-001.jpg?resize=180%2C74&amp;ssl=1 180w, https:\/\/i0.wp.com\/agenda2029.is\/wp-content\/uploads\/2023\/04\/classic-writing-02-001.jpg?resize=768%2C316&amp;ssl=1 768w, https:\/\/i0.wp.com\/agenda2029.is\/wp-content\/uploads\/2023\/04\/classic-writing-02-001.jpg?w=1527&amp;ssl=1 1527w\" sizes=\"auto, (max-width: 1024px) 100vw, 1024px\" \/><\/a><\/p>\n<p><a href=\"https:\/\/agenda2029.is\/es\/quienes-somos\/\">Agenda2029\u00b7is<\/a> es feliz de tenerte como <em><strong>participante<\/strong><\/em> activo, gracias por estar aqu\u00ed \ud83d\ude42<br \/>\nEste es tu panel de control personal para todas las art\u00edculos que has creado o quieres crear.<\/p>\n<ul>\n<li><a href=\"\/es\/nuevo-articulo-completo-ejemplo-y-explicacion\/\"><strong>Art\u00edculo nuevo &#8211; COMPLETO<\/strong><\/a> | <a href=\"\/es\/nuevo-articulo-completo-ejemplo-y-explicacion\/\">Explicaci\u00f3n 2<\/a><\/li>\n<li><a href=\"\/es\/simple-post-ejemplo-y-explicacion\/\">Art\u00edculo nuevo &#8211; Simple<\/a> |\u00a0<a href=\"\/es\/nuevo-articulo-simple-ejemplo-y-explicacion\/\">Explicaci\u00f3n 1<\/a><\/li>\n<\/ul>\n<h3>La lista de tus art\u00edculos:<\/h3>\n<div class=\"wpuf-message\">Esta p\u00e1gina est\u00e1 restringida. Por favor <a rel=\"nofollow\" href=\"https:\/\/agenda2029.is\/es\/wp-login.php?redirect_to=https%3A%2F%2Fagenda2029.is%2Fes%2Fdashboard%2F\">Acceder<\/a> para verla.<\/div>\n","protected":false},"excerpt":{"rendered":"<p>Agenda2029\u00b7is es feliz de tenerte como participante activo, gracias por estar aqu\u00ed \ud83d\ude42 Este es tu panel de control personal para todas las art\u00edculos que has creado o quieres crear. Art\u00edculo nuevo &#8211; COMPLETO | Explicaci\u00f3n 2 Art\u00edculo nuevo &#8211; Simple |\u00a0Explicaci\u00f3n 1 La lista de tus art\u00edculos:<\/p>\n","protected":false},"author":1,"featured_media":5145,"parent":0,"menu_order":0,"comment_status":"closed","ping_status":"closed","template":"","meta":{"yasr_overall_rating":0,"yasr_post_is_review":"","yasr_auto_insert_disabled":"","yasr_review_type":"","footnotes":""},"class_list":["post-392","page","type-page","status-publish","has-post-thumbnail","hentry","entry","has-media"],"yoast_head":"<!-- This site is optimized with the Yoast SEO plugin v27.2 - https:\/\/yoast.com\/product\/yoast-seo-wordpress\/ -->\n<title>Tu salpicadero | Agenda2029 \u00b7 is<\/title>\n<meta name=\"robots\" content=\"index, follow, max-snippet:-1, max-image-preview:large, max-video-preview:-1\" \/>\n<link rel=\"canonical\" href=\"https:\/\/agenda2029.is\/es\/dashboard\/\" \/>\n<meta property=\"og:locale\" content=\"es_ES\" \/>\n<meta property=\"og:type\" content=\"article\" \/>\n<meta property=\"og:title\" content=\"Tu salpicadero | Agenda2029 \u00b7 is\" \/>\n<meta property=\"og:description\" content=\"Agenda2029\u00b7is es feliz de tenerte como participante activo, gracias por estar aqu\u00ed \ud83d\ude42 Este es tu panel de control personal para todas las art\u00edculos que has creado o quieres crear. Art\u00edculo nuevo &#8211; COMPLETO | Explicaci\u00f3n 2 Art\u00edculo nuevo &#8211; Simple |\u00a0Explicaci\u00f3n 1 La lista de tus art\u00edculos:\" \/>\n<meta property=\"og:url\" content=\"https:\/\/agenda2029.is\/es\/dashboard\/\" \/>\n<meta property=\"og:site_name\" content=\"Agenda2029 \u00b7 is\" \/>\n<meta property=\"article:modified_time\" content=\"2023-07-13T21:54:39+00:00\" \/>\n<meta property=\"og:image\" content=\"https:\/\/agenda2029.is\/wp-content\/uploads\/2023\/04\/classic-writing-02-001.jpg\" \/>\n\t<meta property=\"og:image:width\" content=\"1527\" \/>\n\t<meta property=\"og:image:height\" content=\"628\" \/>\n\t<meta property=\"og:image:type\" content=\"image\/jpeg\" \/>\n<meta name=\"twitter:card\" content=\"summary_large_image\" \/>\n<script type=\"application\/ld+json\" class=\"yoast-schema-graph\">{\"@context\":\"https:\/\/schema.org\",\"@graph\":[{\"@type\":\"WebPage\",\"@id\":\"https:\/\/agenda2029.is\/es\/dashboard\/\",\"url\":\"https:\/\/agenda2029.is\/es\/dashboard\/\",\"name\":\"Tu salpicadero | Agenda2029 \u00b7 is\",\"isPartOf\":{\"@id\":\"https:\/\/agenda2029.is\/#website\"},\"primaryImageOfPage\":{\"@id\":\"https:\/\/agenda2029.is\/es\/dashboard\/#primaryimage\"},\"image\":{\"@id\":\"https:\/\/agenda2029.is\/es\/dashboard\/#primaryimage\"},\"thumbnailUrl\":\"https:\/\/i0.wp.com\/agenda2029.is\/wp-content\/uploads\/2023\/04\/classic-writing-02-001.jpg?fit=1527%2C628&ssl=1\",\"datePublished\":\"2022-10-20T22:06:23+00:00\",\"dateModified\":\"2023-07-13T21:54:39+00:00\",\"breadcrumb\":{\"@id\":\"https:\/\/agenda2029.is\/es\/dashboard\/#breadcrumb\"},\"inLanguage\":\"es\",\"potentialAction\":[{\"@type\":\"ReadAction\",\"target\":[\"https:\/\/agenda2029.is\/es\/dashboard\/\"]}]},{\"@type\":\"ImageObject\",\"inLanguage\":\"es\",\"@id\":\"https:\/\/agenda2029.is\/es\/dashboard\/#primaryimage\",\"url\":\"https:\/\/i0.wp.com\/agenda2029.is\/wp-content\/uploads\/2023\/04\/classic-writing-02-001.jpg?fit=1527%2C628&ssl=1\",\"contentUrl\":\"https:\/\/i0.wp.com\/agenda2029.is\/wp-content\/uploads\/2023\/04\/classic-writing-02-001.jpg?fit=1527%2C628&ssl=1\",\"width\":1527,\"height\":628},{\"@type\":\"BreadcrumbList\",\"@id\":\"https:\/\/agenda2029.is\/es\/dashboard\/#breadcrumb\",\"itemListElement\":[{\"@type\":\"ListItem\",\"position\":1,\"name\":\"Home\",\"item\":\"https:\/\/agenda2029.is\/\"},{\"@type\":\"ListItem\",\"position\":2,\"name\":\"Tu salpicadero\"}]},{\"@type\":\"WebSite\",\"@id\":\"https:\/\/agenda2029.is\/#website\",\"url\":\"https:\/\/agenda2029.is\/\",\"name\":\"Agenda2029 \u00b7 is\",\"description\":\"Agenda2029 \u00b7 is our Great FREEset\",\"publisher\":{\"@id\":\"https:\/\/agenda2029.is\/#\/schema\/person\/158d2018e1033e5f0110051bc4ec21c0\"},\"potentialAction\":[{\"@type\":\"SearchAction\",\"target\":{\"@type\":\"EntryPoint\",\"urlTemplate\":\"https:\/\/agenda2029.is\/?s={search_term_string}\"},\"query-input\":{\"@type\":\"PropertyValueSpecification\",\"valueRequired\":true,\"valueName\":\"search_term_string\"}}],\"inLanguage\":\"es\"},{\"@type\":[\"Person\",\"Organization\"],\"@id\":\"https:\/\/agenda2029.is\/#\/schema\/person\/158d2018e1033e5f0110051bc4ec21c0\",\"name\":\"Starter\",\"image\":{\"@type\":\"ImageObject\",\"inLanguage\":\"es\",\"@id\":\"https:\/\/agenda2029.is\/wp-content\/uploads\/2022\/10\/2029-text01.jpg\",\"url\":\"https:\/\/agenda2029.is\/wp-content\/uploads\/2022\/10\/2029-text01.jpg\",\"contentUrl\":\"https:\/\/agenda2029.is\/wp-content\/uploads\/2022\/10\/2029-text01.jpg\",\"width\":457,\"height\":242,\"caption\":\"Starter\"},\"logo\":{\"@id\":\"https:\/\/agenda2029.is\/wp-content\/uploads\/2022\/10\/2029-text01.jpg\"},\"sameAs\":[\"https:\/\/agenda2029.is\"]},false]}<\/script>\n<!-- \/ Yoast SEO plugin. -->","yoast_head_json":{"title":"Tu salpicadero | Agenda2029 \u00b7 is","robots":{"index":"index","follow":"follow","max-snippet":"max-snippet:-1","max-image-preview":"max-image-preview:large","max-video-preview":"max-video-preview:-1"},"canonical":"https:\/\/agenda2029.is\/es\/dashboard\/","og_locale":"es_ES","og_type":"article","og_title":"Tu salpicadero | Agenda2029 \u00b7 is","og_description":"Agenda2029\u00b7is es feliz de tenerte como participante activo, gracias por estar aqu\u00ed \ud83d\ude42 Este es tu panel de control personal para todas las art\u00edculos que has creado o quieres crear. Art\u00edculo nuevo &#8211; COMPLETO | Explicaci\u00f3n 2 Art\u00edculo nuevo &#8211; Simple |\u00a0Explicaci\u00f3n 1 La lista de tus art\u00edculos:","og_url":"https:\/\/agenda2029.is\/es\/dashboard\/","og_site_name":"Agenda2029 \u00b7 is","article_modified_time":"2023-07-13T21:54:39+00:00","og_image":[{"width":1527,"height":628,"url":"https:\/\/agenda2029.is\/wp-content\/uploads\/2023\/04\/classic-writing-02-001.jpg","type":"image\/jpeg"}],"twitter_card":"summary_large_image","schema":{"@context":"https:\/\/schema.org","@graph":[{"@type":"WebPage","@id":"https:\/\/agenda2029.is\/es\/dashboard\/","url":"https:\/\/agenda2029.is\/es\/dashboard\/","name":"Tu salpicadero | Agenda2029 \u00b7 is","isPartOf":{"@id":"https:\/\/agenda2029.is\/#website"},"primaryImageOfPage":{"@id":"https:\/\/agenda2029.is\/es\/dashboard\/#primaryimage"},"image":{"@id":"https:\/\/agenda2029.is\/es\/dashboard\/#primaryimage"},"thumbnailUrl":"https:\/\/i0.wp.com\/agenda2029.is\/wp-content\/uploads\/2023\/04\/classic-writing-02-001.jpg?fit=1527%2C628&ssl=1","datePublished":"2022-10-20T22:06:23+00:00","dateModified":"2023-07-13T21:54:39+00:00","breadcrumb":{"@id":"https:\/\/agenda2029.is\/es\/dashboard\/#breadcrumb"},"inLanguage":"es","potentialAction":[{"@type":"ReadAction","target":["https:\/\/agenda2029.is\/es\/dashboard\/"]}]},{"@type":"ImageObject","inLanguage":"es","@id":"https:\/\/agenda2029.is\/es\/dashboard\/#primaryimage","url":"https:\/\/i0.wp.com\/agenda2029.is\/wp-content\/uploads\/2023\/04\/classic-writing-02-001.jpg?fit=1527%2C628&ssl=1","contentUrl":"https:\/\/i0.wp.com\/agenda2029.is\/wp-content\/uploads\/2023\/04\/classic-writing-02-001.jpg?fit=1527%2C628&ssl=1","width":1527,"height":628},{"@type":"BreadcrumbList","@id":"https:\/\/agenda2029.is\/es\/dashboard\/#breadcrumb","itemListElement":[{"@type":"ListItem","position":1,"name":"Home","item":"https:\/\/agenda2029.is\/"},{"@type":"ListItem","position":2,"name":"Tu salpicadero"}]},{"@type":"WebSite","@id":"https:\/\/agenda2029.is\/#website","url":"https:\/\/agenda2029.is\/","name":"Agenda2029 \u00b7 is","description":"Agenda2029 \u00b7 is our Great FREEset","publisher":{"@id":"https:\/\/agenda2029.is\/#\/schema\/person\/158d2018e1033e5f0110051bc4ec21c0"},"potentialAction":[{"@type":"SearchAction","target":{"@type":"EntryPoint","urlTemplate":"https:\/\/agenda2029.is\/?s={search_term_string}"},"query-input":{"@type":"PropertyValueSpecification","valueRequired":true,"valueName":"search_term_string"}}],"inLanguage":"es"},{"@type":["Person","Organization"],"@id":"https:\/\/agenda2029.is\/#\/schema\/person\/158d2018e1033e5f0110051bc4ec21c0","name":"Starter","image":{"@type":"ImageObject","inLanguage":"es","@id":"https:\/\/agenda2029.is\/wp-content\/uploads\/2022\/10\/2029-text01.jpg","url":"https:\/\/agenda2029.is\/wp-content\/uploads\/2022\/10\/2029-text01.jpg","contentUrl":"https:\/\/agenda2029.is\/wp-content\/uploads\/2022\/10\/2029-text01.jpg","width":457,"height":242,"caption":"Starter"},"logo":{"@id":"https:\/\/agenda2029.is\/wp-content\/uploads\/2022\/10\/2029-text01.jpg"},"sameAs":["https:\/\/agenda2029.is"]},false]}},"yasr_visitor_votes":{"stars_attributes":{"read_only":false,"span_bottom":false},"number_of_votes":0,"sum_votes":0},"_links":{"self":[{"href":"https:\/\/agenda2029.is\/es\/wp-json\/wp\/v2\/pages\/392","targetHints":{"allow":["GET"]}}],"collection":[{"href":"https:\/\/agenda2029.is\/es\/wp-json\/wp\/v2\/pages"}],"about":[{"href":"https:\/\/agenda2029.is\/es\/wp-json\/wp\/v2\/types\/page"}],"author":[{"embeddable":true,"href":"https:\/\/agenda2029.is\/es\/wp-json\/wp\/v2\/users\/1"}],"replies":[{"embeddable":true,"href":"https:\/\/agenda2029.is\/es\/wp-json\/wp\/v2\/comments?post=392"}],"version-history":[{"count":4,"href":"https:\/\/agenda2029.is\/es\/wp-json\/wp\/v2\/pages\/392\/revisions"}],"predecessor-version":[{"id":6312,"href":"https:\/\/agenda2029.is\/es\/wp-json\/wp\/v2\/pages\/392\/revisions\/6312"}],"wp:featuredmedia":[{"embeddable":true,"href":"https:\/\/agenda2029.is\/es\/wp-json\/wp\/v2\/media\/5145"}],"wp:attachment":[{"href":"https:\/\/agenda2029.is\/es\/wp-json\/wp\/v2\/media?parent=392"}],"curies":[{"name":"wp","href":"https:\/\/api.w.org\/{rel}","templated":true}]}}