{"id":289,"date":"2022-10-20T21:10:59","date_gmt":"2022-10-20T19:10:59","guid":{"rendered":"https:\/\/agenda2029.is\/?page_id=289"},"modified":"2022-10-25T19:57:07","modified_gmt":"2022-10-25T17:57:07","slug":"nuovo-post-semplice","status":"publish","type":"page","link":"https:\/\/agenda2029.is\/it\/nuovo-post-semplice\/","title":{"rendered":"Nuovo post &#8211; semplice"},"content":{"rendered":"\n            <form class=\"wpuf-form-add wpuf-form-layout1 wpuf-theme-style\" action=\"\" method=\"post\">\n\n                \n                <script type=\"text\/javascript\">\n                    if ( typeof wpuf_conditional_items === 'undefined' ) {\n                        wpuf_conditional_items = [];\n                    }\n\n                    if ( typeof wpuf_plupload_items === 'undefined' ) {\n                        wpuf_plupload_items = [];\n                    }\n\n                    if ( typeof wpuf_map_items === 'undefined' ) {\n                        wpuf_map_items = [];\n                    }\n                <\/script>\n\n                <ul class=\"wpuf-form form-label-above\">\n\n                            <li class=\"wpuf-el custom_html\" data-label=\"Custom HTML\">\n\n            <div class=\"wpuf-fields html_270 wpuf_custom_html_270\">\n                <p align=\"right\"><a href=\"\/it\/post-semplice-esempio-e-spiegazione\/\">spiegazione 1<\/a> e <a href=\"\/it\/post-completo-esempio-e-spiegazione\/\">spiegazione 2<\/a> | Form 270<\/p>            <\/div>\n\n        <\/li>\n\n                <li class=\"wpuf-el post_title\" data-label=\"Titolo del articolo\">\n                    <div class=\"wpuf-label\">\n            <label for=\"post_title_270\">\n                Titolo del articolo <span class=\"required\">*<\/span>            <\/label>\n        <\/div>\n        \n            <div class=\"wpuf-fields\">\n                <input\n                    class=\"textfield wpuf_post_title_270\"\n                    id=\"post_title_270\"\n                    type=\"text\"\n                    data-duplicate=\"\"\n                    data-required=\"yes\"\n                    data-type=\"text\" name=\"post_title\"\n                    placeholder=\"\"\n                    value=\"\"\n                    size=\"40\"\n                \/>\n\n                <span class=\"wpuf-wordlimit-message wpuf-help\"><\/span>\n                        <span class=\"wpuf-help\">Date un titolo accattivante al vostro articolo<\/span>\n                    <\/div>\n                    <\/li>\n        \n            <li class=\"wpuf-el featured_image\" data-label=\"Immagine principale\">\n\n                    <div class=\"wpuf-label\">\n            <label for=\"featured_image_270\">\n                Immagine principale            <\/label>\n        <\/div>\n        \n        <div class=\"wpuf-fields\">\n            <div id=\"wpuf-featured_image-270-upload-container\">\n                <div class=\"wpuf-attachment-upload-filelist\" data-type=\"file\" data-required=\"no\">\n                    <a id=\"wpuf-featured_image-270-pickfiles\" data-form_id=\"270\" class=\"button file-selector  wpuf_featured_image_270\" href=\"#\">Seleziona un&#039;immagine<\/a>\n\n                    <ul class=\"wpuf-attachment-list thumbnails\">\n\n                        \n                    <\/ul>\n                <\/div>\n            <\/div><!-- .container -->\n\n                    <span class=\"wpuf-help\">Optioneel, maar aan te raden. Een afbeelding illustreert je artikel en trekt de aandacht. <\/span>\n        \n        <\/div> <!-- .wpuf-fields -->\n\n        <script type=\"text\/javascript\">\n            ;(function($) {\n                $(document).ready( function(){\n                    var uploader = new WPUF_Uploader('wpuf-featured_image-270-pickfiles', 'wpuf-featured_image-270-upload-container', 1, 'featured_image', 'jpg,jpeg,gif,png,bmp,webp', 5140);\n                    wpuf_plupload_items.push(uploader);\n                });\n            })(jQuery);\n        <\/script>\n\n                <\/li>\n            \n        <li class=\"wpuf-el category field-size-large\" data-label=\"Categoria (sceglierne almeno una)\">\n\n                <div class=\"wpuf-label\">\n            <label for=\"category_270\">\n                Categoria (sceglierne almeno una)            <\/label>\n        <\/div>\n                    <div class=\"wpuf-fields wpuf_category_multiselect_6912_270\">\n            <select multiple=\"multiple\" data-required=\"no\" data-type=\"multiselect\"  name='category[]' id='cat-ajax' class='category multiselect wpuf_category_270'>\n\t<option class=\"level-0\" value=\"903\">0 &#8211; Documentari<\/option>\n\t<option class=\"level-0\" value=\"150\">1. RESIST! &#8211; Resistenza contro l&#8217;Agenda2030<\/option>\n\t<option class=\"level-1\" value=\"302\">&nbsp;&nbsp;&nbsp;1.01) Soldi, Monopolio, Potere<\/option>\n\t<option class=\"level-1\" value=\"279\">&nbsp;&nbsp;&nbsp;1.02) Segretezza, Censura, MSM<\/option>\n\t<option class=\"level-1\" value=\"269\">&nbsp;&nbsp;&nbsp;1.03) Distrazione, Manipolazione, MSM<\/option>\n\t<option class=\"level-1\" value=\"348\">&nbsp;&nbsp;&nbsp;1.04) Virus, Pandemie, Vaccini<\/option>\n\t<option class=\"level-1\" value=\"285\">&nbsp;&nbsp;&nbsp;1.05) ID digitale, Sorveglianza, Controllo<\/option>\n\t<option class=\"level-1\" value=\"288\">&nbsp;&nbsp;&nbsp;1.06) Moneta digitale, Credito sociale<\/option>\n\t<option class=\"level-1\" value=\"268\">&nbsp;&nbsp;&nbsp;1.07) Citt\u00e0 intelligenti, Algoritmi, I.A.<\/option>\n\t<option class=\"level-1\" value=\"293\">&nbsp;&nbsp;&nbsp;1.08) Disumanizzazione, Transumanesimo<\/option>\n\t<option class=\"level-1\" value=\"221\">&nbsp;&nbsp;&nbsp;1.09) Guerre e altro&#8230;<\/option>\n\t<option class=\"level-1\" value=\"159\">&nbsp;&nbsp;&nbsp;1.10) VOM<\/option>\n\t<option class=\"level-0\" value=\"448\">2. Our Great FREEset! &#8211; Nostra grande liberazione<\/option>\n\t<option class=\"level-1\" value=\"456\">&nbsp;&nbsp;&nbsp;2.01) Rifiuto<\/option>\n\t<option class=\"level-1\" value=\"459\">&nbsp;&nbsp;&nbsp;2.02) Protesta, Manifestazione<\/option>\n\t<option class=\"level-1\" value=\"462\">&nbsp;&nbsp;&nbsp;2.03) Petizioni, Iniziative Popolari<\/option>\n\t<option class=\"level-1\" value=\"465\">&nbsp;&nbsp;&nbsp;2.04 Denunciare<\/option>\n\t<option class=\"level-1\" value=\"468\">&nbsp;&nbsp;&nbsp;2.05 Disobbedienza Civile<\/option>\n\t<option class=\"level-1\" value=\"475\">&nbsp;&nbsp;&nbsp;2.06) Esporre le incoerenze, ecc.<\/option>\n\t<option class=\"level-1\" value=\"529\">&nbsp;&nbsp;&nbsp;2.07) Idee, Piani, Azioni<\/option>\n\t<option class=\"level-1\" value=\"83\">&nbsp;&nbsp;&nbsp;2.08) Creando comunit\u00e0<\/option>\n\t<option class=\"level-0\" value=\"75\">3. Build Back BRIGHTER &#8211; Ricostruire pi\u00f9 luminoso<\/option>\n\t<option class=\"level-1\" value=\"77\">&nbsp;&nbsp;&nbsp;3.00) Tornare alla nostra Essenza<\/option>\n\t<option class=\"level-1\" value=\"101\">&nbsp;&nbsp;&nbsp;3.01) La Natura prima di tutto<\/option>\n\t<option class=\"level-1\" value=\"98\">&nbsp;&nbsp;&nbsp;3.02) Libert\u00e0 di Parola<\/option>\n\t<option class=\"level-1\" value=\"65\">&nbsp;&nbsp;&nbsp;3.03) Giustizia e uguaglianza<\/option>\n\t<option class=\"level-1\" value=\"111\">&nbsp;&nbsp;&nbsp;3.04) Rendersi Non Profit<\/option>\n\t<option class=\"level-1\" value=\"106\">&nbsp;&nbsp;&nbsp;3.05) Abolire il Segreto Bancario ABS<\/option>\n\t<option class=\"level-1\" value=\"95\">&nbsp;&nbsp;&nbsp;3.06) La scienza<\/option>\n\t<option class=\"level-1\" value=\"92\">&nbsp;&nbsp;&nbsp;3.07) Educazione<\/option>\n\t<option class=\"level-1\" value=\"89\">&nbsp;&nbsp;&nbsp;3.08) Salute<\/option>\n\t<option class=\"level-1\" value=\"86\">&nbsp;&nbsp;&nbsp;3.09) Il nostro passato<\/option>\n\t<option class=\"level-1\" value=\"538\">&nbsp;&nbsp;&nbsp;3.10) Umanit\u00e0, Emozioni<\/option>\n\t<option class=\"level-1\" value=\"80\">&nbsp;&nbsp;&nbsp;3.11) Spiritualit\u00e0<\/option>\n\t<option class=\"level-0\" value=\"63\">Europa<\/option>\n\t<option class=\"level-0\" value=\"121\">Eventi<\/option>\n\t<option class=\"level-0\" value=\"276\">Globale<\/option>\n\t<option class=\"level-1\" value=\"292\">&nbsp;&nbsp;&nbsp;China<\/option>\n\t<option class=\"level-0\" value=\"10\">Partecipanti<\/option>\n\t<option class=\"level-0\" value=\"71\">Personalit\u00e0<\/option>\n\t<option class=\"level-1\" value=\"164\">&nbsp;&nbsp;&nbsp;Julian Assange<\/option>\n<\/select>\n        <span class=\"wpuf-wordlimit-message wpuf-help\"><\/span>\n                <span class=\"wpuf-help\">Cos\u00ec teniamo insieme gli articoli correlati. \u00c8 possibile selezionare pi\u00f9 di un'opzione con ctrl + click (ad esempio, \"02) Segretezza, censura, MSM\" + \"Europa\").<\/span>\n                <li class=\"wpuf-el post_content\" data-label=\"Contenuto\">\n                    <div class=\"wpuf-label\">\n            <label for=\"post_content_270\">\n                Contenuto <span class=\"required\">*<\/span>            <\/label>\n        <\/div>\n        \n                            <div class=\"wpuf-fields wpuf-rich-validation wpuf_post_content_270\" data-type=\"rich\" data-required=\"yes\" data-id=\"post_content_270\" data-name=\"post_content\">\n            \n                <div id=\"wp-post_content_270-wrap\" class=\"wp-core-ui wp-editor-wrap tmce-active\"><link rel='stylesheet' id='dashicons-css' href='https:\/\/agenda2029.is\/wp-includes\/css\/dashicons.min.css?ver=6.9.4' media='all' \/>\n<link rel='stylesheet' id='editor-buttons-css' href='https:\/\/agenda2029.is\/wp-includes\/css\/editor.min.css?ver=6.9.4' media='all' \/>\n<div id=\"wp-post_content_270-editor-container\" class=\"wp-editor-container\"><textarea class=\"required wp-editor-area\" rows=\"5\" autocomplete=\"off\" cols=\"40\" name=\"post_content\" id=\"post_content_270\"><\/textarea><\/div>\n<\/div>\n\n\n                <span class=\"wpuf-help\">Scrivi il tuo articolo<\/span>\n                <\/div>\n        <\/li>\n                <li class=\"wpuf-el post_excerpt\" data-label=\"Sintesi\">\n                    <div class=\"wpuf-label\">\n            <label for=\"post_excerpt_270\">\n                Sintesi            <\/label>\n        <\/div>\n        \n                            <div class=\"wpuf-fields\">\n            \n                                    <textarea\n                        class=\"textareafield  wpuf_post_excerpt_270\"\n                        id=\"post_excerpt_270\"\n                        name=\"post_excerpt\"\n                        data-required=\"no\"\n                        data-type=\"textarea\"\n                        placeholder=\"\"\n                        rows=\"5\"\n                        cols=\"25\"\n                    ><\/textarea>\n                    <span class=\"wpuf-wordlimit-message wpuf-help\"><\/span>\n\n                    \n                        <span class=\"wpuf-help\">Facoltativo, ma utile per i lettori e per la SEO<\/span>\n                <\/li>\n        \n            <li class=\"wpuf-el codice_per_il_link_o_tasto_di_modifica  wpuf_hidden_field field-size-large\" data-label=\"Code for edit link\">\n\n                    <div class=\"wpuf-label\">\n            <label for=\"codice_per_il_link_o_tasto_di_modifica_270\">\n                Code for edit link            <\/label>\n        <\/div>\n        \n                            <div class=\"wpuf-fields\">\n            \n                                    <textarea\n                        :class=\"builder_class_names('textareafield')\"\n                        class=\"textareafield  wpuf_codice_per_il_link_o_tasto_di_modifica_270\"\n                        id=\"codice_per_il_link_o_tasto_di_modifica_270\"\n                        name=\"codice_per_il_link_o_tasto_di_modifica\"\n                        data-required=\"no\"\n                        data-type=\"textarea\"\n                        data-id=\"codice_per_il_link_o_tasto_di_modifica_270\"\n                        placeholder=\"\"\n                        rows=\"5\"\n                        cols=\"25\"\n                    >&lt;p&gt;&lt;a href=&quot;\/it\/edit\/?pid=[return_post_id]&quot;&gt;Modifica articolo&lt;\/a&gt; o &lt;a href=&quot;\/it\/TU\/&quot;&gt;torna al tuo Cruscotto&lt;\/a&gt;&lt;\/p&gt;<\/textarea>\n\n                                        <span class=\"wpuf-wordlimit-message\"><\/span>\n                         <script type=\"text\/javascript\">\n            ;(function($) {\n                $(document).ready( function(){\n                    WP_User_Frontend.editorLimit.bind(80, \"codice_per_il_link_o_tasto_di_modifica_270\", \"no\", \"character\", \"max\");\n                });\n            })(jQuery);\n        <\/script>\n        \n                 <\/li>\n            \n        <li class=\"wpuf-submit\">\n            <div class=\"wpuf-label\">\n                &nbsp;\n            <\/div>\n\n            <input type=\"hidden\" id=\"_wpnonce\" name=\"_wpnonce\" value=\"ff72c8d70d\" \/><input type=\"hidden\" name=\"_wp_http_referer\" value=\"\/it\/wp-json\/wp\/v2\/pages\/289\" \/>            <input type=\"hidden\" name=\"form_id\" value=\"270\">\n            <input type=\"hidden\" name=\"page_id\" value=\"289\">\n            <input type=\"hidden\" id=\"del_attach\" name=\"delete_attachments[]\">\n            <input type=\"hidden\" name=\"action\" value=\"wpuf_submit_post\">\n\n            \n                            <input type=\"submit\" class=\"wpuf-submit-button wpuf_submit_270\" name=\"submit\" value=\"Creare articolo\" \/>\n            \n                            <a href=\"#\" class=\"btn\" style=\"margin-left: 0.5rem;\" id=\"wpuf-post-draft\">Save Draft<\/a>\n                    <\/li>\n\n        \n                <\/ul>\n\n            <\/form>\n\n            \n","protected":false},"excerpt":{"rendered":"","protected":false},"author":1,"featured_media":127,"parent":0,"menu_order":0,"comment_status":"closed","ping_status":"closed","template":"","meta":{"yasr_overall_rating":0,"yasr_post_is_review":"","yasr_auto_insert_disabled":"","yasr_review_type":"","footnotes":""},"class_list":["post-289","page","type-page","status-publish","has-post-thumbnail","hentry","entry","has-media"],"yoast_head":"<!-- This site is optimized with the Yoast SEO plugin v27.2 - https:\/\/yoast.com\/product\/yoast-seo-wordpress\/ -->\n<title>Nuovo post - semplice | Agenda2029 \u00b7 is<\/title>\n<meta name=\"robots\" content=\"index, follow, max-snippet:-1, max-image-preview:large, max-video-preview:-1\" \/>\n<link rel=\"canonical\" href=\"https:\/\/agenda2029.is\/it\/nuovo-post-semplice\/\" \/>\n<meta property=\"og:locale\" content=\"it_IT\" \/>\n<meta property=\"og:type\" content=\"article\" \/>\n<meta property=\"og:title\" content=\"Nuovo post - semplice | Agenda2029 \u00b7 is\" \/>\n<meta property=\"og:url\" content=\"https:\/\/agenda2029.is\/it\/nuovo-post-semplice\/\" \/>\n<meta property=\"og:site_name\" content=\"Agenda2029 \u00b7 is\" \/>\n<meta property=\"article:modified_time\" content=\"2022-10-25T17:57:07+00:00\" \/>\n<meta property=\"og:image\" content=\"https:\/\/agenda2029.is\/wp-content\/uploads\/2022\/10\/classic-writing-04b.jpg\" \/>\n\t<meta property=\"og:image:width\" content=\"1176\" \/>\n\t<meta property=\"og:image:height\" content=\"536\" \/>\n\t<meta property=\"og:image:type\" content=\"image\/jpeg\" \/>\n<meta name=\"twitter:card\" content=\"summary_large_image\" \/>\n<script type=\"application\/ld+json\" class=\"yoast-schema-graph\">{\"@context\":\"https:\/\/schema.org\",\"@graph\":[{\"@type\":\"WebPage\",\"@id\":\"https:\/\/agenda2029.is\/it\/nuovo-post-semplice\/\",\"url\":\"https:\/\/agenda2029.is\/it\/nuovo-post-semplice\/\",\"name\":\"Nuovo post - semplice | Agenda2029 \u00b7 is\",\"isPartOf\":{\"@id\":\"https:\/\/agenda2029.is\/#website\"},\"primaryImageOfPage\":{\"@id\":\"https:\/\/agenda2029.is\/it\/nuovo-post-semplice\/#primaryimage\"},\"image\":{\"@id\":\"https:\/\/agenda2029.is\/it\/nuovo-post-semplice\/#primaryimage\"},\"thumbnailUrl\":\"https:\/\/i0.wp.com\/agenda2029.is\/wp-content\/uploads\/2022\/10\/classic-writing-04b.jpg?fit=1176%2C536&ssl=1\",\"datePublished\":\"2022-10-20T19:10:59+00:00\",\"dateModified\":\"2022-10-25T17:57:07+00:00\",\"breadcrumb\":{\"@id\":\"https:\/\/agenda2029.is\/it\/nuovo-post-semplice\/#breadcrumb\"},\"inLanguage\":\"it-IT\",\"potentialAction\":[{\"@type\":\"ReadAction\",\"target\":[\"https:\/\/agenda2029.is\/it\/nuovo-post-semplice\/\"]}]},{\"@type\":\"ImageObject\",\"inLanguage\":\"it-IT\",\"@id\":\"https:\/\/agenda2029.is\/it\/nuovo-post-semplice\/#primaryimage\",\"url\":\"https:\/\/i0.wp.com\/agenda2029.is\/wp-content\/uploads\/2022\/10\/classic-writing-04b.jpg?fit=1176%2C536&ssl=1\",\"contentUrl\":\"https:\/\/i0.wp.com\/agenda2029.is\/wp-content\/uploads\/2022\/10\/classic-writing-04b.jpg?fit=1176%2C536&ssl=1\",\"width\":1176,\"height\":536},{\"@type\":\"BreadcrumbList\",\"@id\":\"https:\/\/agenda2029.is\/it\/nuovo-post-semplice\/#breadcrumb\",\"itemListElement\":[{\"@type\":\"ListItem\",\"position\":1,\"name\":\"Home\",\"item\":\"https:\/\/agenda2029.is\/\"},{\"@type\":\"ListItem\",\"position\":2,\"name\":\"Nuovo post &#8211; semplice\"}]},{\"@type\":\"WebSite\",\"@id\":\"https:\/\/agenda2029.is\/#website\",\"url\":\"https:\/\/agenda2029.is\/\",\"name\":\"Agenda2029 \u00b7 is\",\"description\":\"Agenda2029 \u00b7 is our Great FREEset\",\"publisher\":{\"@id\":\"https:\/\/agenda2029.is\/#\/schema\/person\/158d2018e1033e5f0110051bc4ec21c0\"},\"potentialAction\":[{\"@type\":\"SearchAction\",\"target\":{\"@type\":\"EntryPoint\",\"urlTemplate\":\"https:\/\/agenda2029.is\/?s={search_term_string}\"},\"query-input\":{\"@type\":\"PropertyValueSpecification\",\"valueRequired\":true,\"valueName\":\"search_term_string\"}}],\"inLanguage\":\"it-IT\"},{\"@type\":[\"Person\",\"Organization\"],\"@id\":\"https:\/\/agenda2029.is\/#\/schema\/person\/158d2018e1033e5f0110051bc4ec21c0\",\"name\":\"Starter\",\"image\":{\"@type\":\"ImageObject\",\"inLanguage\":\"it-IT\",\"@id\":\"https:\/\/agenda2029.is\/wp-content\/uploads\/2022\/10\/2029-text01.jpg\",\"url\":\"https:\/\/agenda2029.is\/wp-content\/uploads\/2022\/10\/2029-text01.jpg\",\"contentUrl\":\"https:\/\/agenda2029.is\/wp-content\/uploads\/2022\/10\/2029-text01.jpg\",\"width\":457,\"height\":242,\"caption\":\"Starter\"},\"logo\":{\"@id\":\"https:\/\/agenda2029.is\/wp-content\/uploads\/2022\/10\/2029-text01.jpg\"},\"sameAs\":[\"https:\/\/agenda2029.is\"]},false]}<\/script>\n<!-- \/ Yoast SEO plugin. -->","yoast_head_json":{"title":"Nuovo post - semplice | Agenda2029 \u00b7 is","robots":{"index":"index","follow":"follow","max-snippet":"max-snippet:-1","max-image-preview":"max-image-preview:large","max-video-preview":"max-video-preview:-1"},"canonical":"https:\/\/agenda2029.is\/it\/nuovo-post-semplice\/","og_locale":"it_IT","og_type":"article","og_title":"Nuovo post - semplice | Agenda2029 \u00b7 is","og_url":"https:\/\/agenda2029.is\/it\/nuovo-post-semplice\/","og_site_name":"Agenda2029 \u00b7 is","article_modified_time":"2022-10-25T17:57:07+00:00","og_image":[{"width":1176,"height":536,"url":"https:\/\/agenda2029.is\/wp-content\/uploads\/2022\/10\/classic-writing-04b.jpg","type":"image\/jpeg"}],"twitter_card":"summary_large_image","schema":{"@context":"https:\/\/schema.org","@graph":[{"@type":"WebPage","@id":"https:\/\/agenda2029.is\/it\/nuovo-post-semplice\/","url":"https:\/\/agenda2029.is\/it\/nuovo-post-semplice\/","name":"Nuovo post - semplice | Agenda2029 \u00b7 is","isPartOf":{"@id":"https:\/\/agenda2029.is\/#website"},"primaryImageOfPage":{"@id":"https:\/\/agenda2029.is\/it\/nuovo-post-semplice\/#primaryimage"},"image":{"@id":"https:\/\/agenda2029.is\/it\/nuovo-post-semplice\/#primaryimage"},"thumbnailUrl":"https:\/\/i0.wp.com\/agenda2029.is\/wp-content\/uploads\/2022\/10\/classic-writing-04b.jpg?fit=1176%2C536&ssl=1","datePublished":"2022-10-20T19:10:59+00:00","dateModified":"2022-10-25T17:57:07+00:00","breadcrumb":{"@id":"https:\/\/agenda2029.is\/it\/nuovo-post-semplice\/#breadcrumb"},"inLanguage":"it-IT","potentialAction":[{"@type":"ReadAction","target":["https:\/\/agenda2029.is\/it\/nuovo-post-semplice\/"]}]},{"@type":"ImageObject","inLanguage":"it-IT","@id":"https:\/\/agenda2029.is\/it\/nuovo-post-semplice\/#primaryimage","url":"https:\/\/i0.wp.com\/agenda2029.is\/wp-content\/uploads\/2022\/10\/classic-writing-04b.jpg?fit=1176%2C536&ssl=1","contentUrl":"https:\/\/i0.wp.com\/agenda2029.is\/wp-content\/uploads\/2022\/10\/classic-writing-04b.jpg?fit=1176%2C536&ssl=1","width":1176,"height":536},{"@type":"BreadcrumbList","@id":"https:\/\/agenda2029.is\/it\/nuovo-post-semplice\/#breadcrumb","itemListElement":[{"@type":"ListItem","position":1,"name":"Home","item":"https:\/\/agenda2029.is\/"},{"@type":"ListItem","position":2,"name":"Nuovo post &#8211; semplice"}]},{"@type":"WebSite","@id":"https:\/\/agenda2029.is\/#website","url":"https:\/\/agenda2029.is\/","name":"Agenda2029 \u00b7 is","description":"Agenda2029 \u00b7 is our Great FREEset","publisher":{"@id":"https:\/\/agenda2029.is\/#\/schema\/person\/158d2018e1033e5f0110051bc4ec21c0"},"potentialAction":[{"@type":"SearchAction","target":{"@type":"EntryPoint","urlTemplate":"https:\/\/agenda2029.is\/?s={search_term_string}"},"query-input":{"@type":"PropertyValueSpecification","valueRequired":true,"valueName":"search_term_string"}}],"inLanguage":"it-IT"},{"@type":["Person","Organization"],"@id":"https:\/\/agenda2029.is\/#\/schema\/person\/158d2018e1033e5f0110051bc4ec21c0","name":"Starter","image":{"@type":"ImageObject","inLanguage":"it-IT","@id":"https:\/\/agenda2029.is\/wp-content\/uploads\/2022\/10\/2029-text01.jpg","url":"https:\/\/agenda2029.is\/wp-content\/uploads\/2022\/10\/2029-text01.jpg","contentUrl":"https:\/\/agenda2029.is\/wp-content\/uploads\/2022\/10\/2029-text01.jpg","width":457,"height":242,"caption":"Starter"},"logo":{"@id":"https:\/\/agenda2029.is\/wp-content\/uploads\/2022\/10\/2029-text01.jpg"},"sameAs":["https:\/\/agenda2029.is"]},false]}},"yasr_visitor_votes":{"stars_attributes":{"read_only":false,"span_bottom":false},"number_of_votes":0,"sum_votes":0},"_links":{"self":[{"href":"https:\/\/agenda2029.is\/it\/wp-json\/wp\/v2\/pages\/289","targetHints":{"allow":["GET"]}}],"collection":[{"href":"https:\/\/agenda2029.is\/it\/wp-json\/wp\/v2\/pages"}],"about":[{"href":"https:\/\/agenda2029.is\/it\/wp-json\/wp\/v2\/types\/page"}],"author":[{"embeddable":true,"href":"https:\/\/agenda2029.is\/it\/wp-json\/wp\/v2\/users\/1"}],"replies":[{"embeddable":true,"href":"https:\/\/agenda2029.is\/it\/wp-json\/wp\/v2\/comments?post=289"}],"version-history":[{"count":2,"href":"https:\/\/agenda2029.is\/it\/wp-json\/wp\/v2\/pages\/289\/revisions"}],"predecessor-version":[{"id":321,"href":"https:\/\/agenda2029.is\/it\/wp-json\/wp\/v2\/pages\/289\/revisions\/321"}],"wp:featuredmedia":[{"embeddable":true,"href":"https:\/\/agenda2029.is\/it\/wp-json\/wp\/v2\/media\/127"}],"wp:attachment":[{"href":"https:\/\/agenda2029.is\/it\/wp-json\/wp\/v2\/media?parent=289"}],"curies":[{"name":"wp","href":"https:\/\/api.w.org\/{rel}","templated":true}]}}